{"id":49,"date":"2021-07-27T14:41:18","date_gmt":"2021-07-27T14:41:18","guid":{"rendered":"http:\/\/casaedianatiago-stp.com\/?page_id=49"},"modified":"2021-07-27T16:02:26","modified_gmt":"2021-07-27T16:02:26","slug":"acolhimento-accueil-home-page","status":"publish","type":"page","link":"https:\/\/casaedianatiago-stp.com\/","title":{"rendered":"Acolhimento \u2013 Accueil \u2013 Home Page"},"content":{"rendered":"\t\t<div data-elementor-type=\"wp-page\" data-elementor-id=\"49\" class=\"elementor elementor-49\" data-elementor-settings=\"{&quot;ha_cmc_init_switcher&quot;:&quot;no&quot;}\">\n\t\t\t\t\t\t<section class=\"elementor-section elementor-top-section elementor-element elementor-element-fb1ce74 elementor-section-boxed elementor-section-height-default elementor-section-height-default\" data-id=\"fb1ce74\" data-element_type=\"section\" data-e-type=\"section\" data-settings=\"{&quot;_ha_eqh_enable&quot;:false}\">\n\t\t\t\t\t\t<div class=\"elementor-container elementor-column-gap-default\">\n\t\t\t\t\t<div class=\"elementor-column elementor-col-100 elementor-top-column elementor-element elementor-element-457f83f\" data-id=\"457f83f\" data-element_type=\"column\" data-e-type=\"column\">\n\t\t\t<div class=\"elementor-widget-wrap elementor-element-populated\">\n\t\t\t\t\t\t<div class=\"elementor-element elementor-element-1cb4e34 elementor-widget elementor-widget-heading\" data-id=\"1cb4e34\" data-element_type=\"widget\" data-e-type=\"widget\" data-widget_type=\"heading.default\">\n\t\t\t\t<div class=\"elementor-widget-container\">\n\t\t\t\t\t<h2 class=\"elementor-heading-title elementor-size-xxl\">CASA EDIANA E CASA TIAGO <\/h2>\t\t\t\t<\/div>\n\t\t\t\t<\/div>\n\t\t\t\t\t<\/div>\n\t\t<\/div>\n\t\t\t\t\t<\/div>\n\t\t<\/section>\n\t\t\t\t<section class=\"elementor-section elementor-top-section elementor-element elementor-element-a758747 elementor-section-boxed elementor-section-height-default elementor-section-height-default\" data-id=\"a758747\" data-element_type=\"section\" data-e-type=\"section\" data-settings=\"{&quot;_ha_eqh_enable&quot;:false}\">\n\t\t\t\t\t\t<div class=\"elementor-container elementor-column-gap-default\">\n\t\t\t\t\t<div class=\"elementor-column elementor-col-100 elementor-top-column elementor-element elementor-element-b8fe80c\" data-id=\"b8fe80c\" data-element_type=\"column\" data-e-type=\"column\">\n\t\t\t<div class=\"elementor-widget-wrap elementor-element-populated\">\n\t\t\t\t\t\t<div class=\"elementor-element elementor-element-76e410d elementor-widget elementor-widget-image\" data-id=\"76e410d\" data-element_type=\"widget\" data-e-type=\"widget\" data-widget_type=\"image.default\">\n\t\t\t\t<div class=\"elementor-widget-container\">\n\t\t\t\t\t\t\t\t\t\t\t\t\t\t\t<img fetchpriority=\"high\" decoding=\"async\" width=\"300\" height=\"300\" src=\"https:\/\/casaedianatiago-stp.com\/wp-content\/uploads\/2021\/07\/cropped-cropped-logo-Casa-Ediana-2-300x300.jpeg\" class=\"attachment-medium size-medium wp-image-71\" alt=\"\" srcset=\"http:\/\/casaedianatiago-stp.com\/wp-content\/uploads\/2021\/07\/cropped-cropped-logo-Casa-Ediana-2-300x300.jpeg 300w, http:\/\/casaedianatiago-stp.com\/wp-content\/uploads\/2021\/07\/cropped-cropped-logo-Casa-Ediana-2-150x150.jpeg 150w, http:\/\/casaedianatiago-stp.com\/wp-content\/uploads\/2021\/07\/cropped-cropped-logo-Casa-Ediana-2-270x270.jpeg 270w, http:\/\/casaedianatiago-stp.com\/wp-content\/uploads\/2021\/07\/cropped-cropped-logo-Casa-Ediana-2-192x192.jpeg 192w, http:\/\/casaedianatiago-stp.com\/wp-content\/uploads\/2021\/07\/cropped-cropped-logo-Casa-Ediana-2-180x180.jpeg 180w, http:\/\/casaedianatiago-stp.com\/wp-content\/uploads\/2021\/07\/cropped-cropped-logo-Casa-Ediana-2-32x32.jpeg 32w, http:\/\/casaedianatiago-stp.com\/wp-content\/uploads\/2021\/07\/cropped-cropped-logo-Casa-Ediana-2.jpeg 512w\" sizes=\"(max-width: 300px) 100vw, 300px\" \/>\t\t\t\t\t\t\t\t\t\t\t\t\t\t\t<\/div>\n\t\t\t\t<\/div>\n\t\t\t\t\t<\/div>\n\t\t<\/div>\n\t\t\t\t\t<\/div>\n\t\t<\/section>\n\t\t\t\t<section class=\"elementor-section elementor-top-section elementor-element elementor-element-de81d2a elementor-section-boxed elementor-section-height-default elementor-section-height-default\" data-id=\"de81d2a\" data-element_type=\"section\" data-e-type=\"section\" data-settings=\"{&quot;_ha_eqh_enable&quot;:false}\">\n\t\t\t\t\t\t<div class=\"elementor-container elementor-column-gap-default\">\n\t\t\t\t\t<div class=\"elementor-column elementor-col-100 elementor-top-column elementor-element elementor-element-ba55fed\" data-id=\"ba55fed\" data-element_type=\"column\" data-e-type=\"column\">\n\t\t\t<div class=\"elementor-widget-wrap elementor-element-populated\">\n\t\t\t\t\t\t<div class=\"elementor-element elementor-element-507c78a elementor-widget elementor-widget-text-editor\" data-id=\"507c78a\" data-element_type=\"widget\" data-e-type=\"widget\" data-widget_type=\"text-editor.default\">\n\t\t\t\t<div class=\"elementor-widget-container\">\n\t\t\t\t\t\t\t\t\t<p><span data-contrast=\"auto\">CASA EDIANA e CASA TIAGO: hospedagens tur\u00edsticas de encanto numa ilha tropical acolhedora.<\/span><span data-ccp-props=\"{&quot;201341983&quot;:0,&quot;335551550&quot;:6,&quot;335551620&quot;:6,&quot;335559739&quot;:160,&quot;335559740&quot;:259}\">\u00a0<\/span><\/p><p><span data-contrast=\"auto\">A privacidade de uma linda casa s\u00f3 para voc\u00ea; e a presen\u00e7a de anfitri\u00f5es dispostos a abrir as portas da sociedade e da cultura de S\u00e3o Tom\u00e9.<\/span><span data-ccp-props=\"{&quot;201341983&quot;:0,&quot;335551550&quot;:6,&quot;335551620&quot;:6,&quot;335559739&quot;:160,&quot;335559740&quot;:259}\">\u00a0<\/span><\/p>\t\t\t\t\t\t\t\t<\/div>\n\t\t\t\t<\/div>\n\t\t\t\t\t<\/div>\n\t\t<\/div>\n\t\t\t\t\t<\/div>\n\t\t<\/section>\n\t\t\t\t<section class=\"elementor-section elementor-top-section elementor-element elementor-element-4ef6b7c elementor-section-boxed elementor-section-height-default elementor-section-height-default\" data-id=\"4ef6b7c\" data-element_type=\"section\" data-e-type=\"section\" data-settings=\"{&quot;_ha_eqh_enable&quot;:false}\">\n\t\t\t\t\t\t<div class=\"elementor-container elementor-column-gap-default\">\n\t\t\t\t\t<div class=\"elementor-column elementor-col-100 elementor-top-column elementor-element elementor-element-a4e46ba\" data-id=\"a4e46ba\" data-element_type=\"column\" data-e-type=\"column\">\n\t\t\t<div class=\"elementor-widget-wrap elementor-element-populated\">\n\t\t\t\t\t\t<div class=\"elementor-element elementor-element-6f3a5af elementor-widget elementor-widget-text-editor\" data-id=\"6f3a5af\" data-element_type=\"widget\" data-e-type=\"widget\" data-widget_type=\"text-editor.default\">\n\t\t\t\t<div class=\"elementor-widget-container\">\n\t\t\t\t\t\t\t\t\t<p><span data-ccp-props=\"{&quot;201341983&quot;:0,&quot;335559739&quot;:160,&quot;335559740&quot;:259}\">\u00a0<\/span><span data-contrast=\"auto\">Vous\u00a0souhaitez\u00a0lire\u00a0ce\u00a0texte\u00a0plut\u00f4t\u00a0en\u00a0fran\u00e7ais\u00a0? Allez\u00a0sur\u00a0le\u00a0site casaedianatiago.com<\/span><span data-ccp-props=\"{&quot;201341983&quot;:0,&quot;335559739&quot;:160,&quot;335559740&quot;:259}\">\u00a0<\/span><\/p><p><span data-contrast=\"auto\">Do\u00a0you\u00a0prefer\u00a0reading\u00a0this\u00a0text\u00a0in\u00a0English?\u00a0Consult\u00a0our\u00a0site casaedianatiago.com<\/span><span data-ccp-props=\"{&quot;201341983&quot;:0,&quot;335559739&quot;:160,&quot;335559740&quot;:259}\">\u00a0<\/span><\/p>\t\t\t\t\t\t\t\t<\/div>\n\t\t\t\t<\/div>\n\t\t\t\t\t<\/div>\n\t\t<\/div>\n\t\t\t\t\t<\/div>\n\t\t<\/section>\n\t\t\t\t<section class=\"elementor-section elementor-top-section elementor-element elementor-element-fc4e201 elementor-section-boxed elementor-section-height-default elementor-section-height-default\" data-id=\"fc4e201\" data-element_type=\"section\" data-e-type=\"section\" data-settings=\"{&quot;_ha_eqh_enable&quot;:false}\">\n\t\t\t\t\t\t<div class=\"elementor-container elementor-column-gap-default\">\n\t\t\t\t\t<div class=\"elementor-column elementor-col-50 elementor-top-column elementor-element elementor-element-f154e28\" data-id=\"f154e28\" data-element_type=\"column\" data-e-type=\"column\">\n\t\t\t<div class=\"elementor-widget-wrap elementor-element-populated\">\n\t\t\t\t\t\t<div class=\"elementor-element elementor-element-3a0ff1f elementor-widget elementor-widget-image\" data-id=\"3a0ff1f\" data-element_type=\"widget\" data-e-type=\"widget\" data-widget_type=\"image.default\">\n\t\t\t\t<div class=\"elementor-widget-container\">\n\t\t\t\t\t\t\t\t\t\t\t\t\t\t\t<img decoding=\"async\" width=\"1024\" height=\"765\" src=\"https:\/\/casaedianatiago-stp.com\/wp-content\/uploads\/2021\/07\/1-Casa-Ediana-fac\u0327ade-nord-et-jardin-1-1024x765-1.jpeg\" class=\"attachment-large size-large wp-image-34\" alt=\"\" srcset=\"http:\/\/casaedianatiago-stp.com\/wp-content\/uploads\/2021\/07\/1-Casa-Ediana-fac\u0327ade-nord-et-jardin-1-1024x765-1.jpeg 1024w, http:\/\/casaedianatiago-stp.com\/wp-content\/uploads\/2021\/07\/1-Casa-Ediana-fac\u0327ade-nord-et-jardin-1-1024x765-1-300x224.jpeg 300w, http:\/\/casaedianatiago-stp.com\/wp-content\/uploads\/2021\/07\/1-Casa-Ediana-fac\u0327ade-nord-et-jardin-1-1024x765-1-768x574.jpeg 768w\" sizes=\"(max-width: 1024px) 100vw, 1024px\" \/>\t\t\t\t\t\t\t\t\t\t\t\t\t\t\t<\/div>\n\t\t\t\t<\/div>\n\t\t\t\t\t<\/div>\n\t\t<\/div>\n\t\t\t\t<div class=\"elementor-column elementor-col-50 elementor-top-column elementor-element elementor-element-ff8efde\" data-id=\"ff8efde\" data-element_type=\"column\" data-e-type=\"column\">\n\t\t\t<div class=\"elementor-widget-wrap elementor-element-populated\">\n\t\t\t\t\t\t<div class=\"elementor-element elementor-element-68039fb elementor-widget elementor-widget-image\" data-id=\"68039fb\" data-element_type=\"widget\" data-e-type=\"widget\" data-widget_type=\"image.default\">\n\t\t\t\t<div class=\"elementor-widget-container\">\n\t\t\t\t\t\t\t\t\t\t\t\t\t\t\t<img decoding=\"async\" width=\"1024\" height=\"768\" src=\"https:\/\/casaedianatiago-stp.com\/wp-content\/uploads\/2021\/07\/Casa-Tiago-veranda-1-1024x768.jpeg\" class=\"attachment-large size-large wp-image-38\" alt=\"\" srcset=\"http:\/\/casaedianatiago-stp.com\/wp-content\/uploads\/2021\/07\/Casa-Tiago-veranda-1-1024x768.jpeg 1024w, http:\/\/casaedianatiago-stp.com\/wp-content\/uploads\/2021\/07\/Casa-Tiago-veranda-1-300x225.jpeg 300w, http:\/\/casaedianatiago-stp.com\/wp-content\/uploads\/2021\/07\/Casa-Tiago-veranda-1-768x576.jpeg 768w, http:\/\/casaedianatiago-stp.com\/wp-content\/uploads\/2021\/07\/Casa-Tiago-veranda-1-1536x1152.jpeg 1536w, http:\/\/casaedianatiago-stp.com\/wp-content\/uploads\/2021\/07\/Casa-Tiago-veranda-1-2048x1536.jpeg 2048w, http:\/\/casaedianatiago-stp.com\/wp-content\/uploads\/2021\/07\/Casa-Tiago-veranda-1-1568x1176.jpeg 1568w\" sizes=\"(max-width: 1024px) 100vw, 1024px\" \/>\t\t\t\t\t\t\t\t\t\t\t\t\t\t\t<\/div>\n\t\t\t\t<\/div>\n\t\t\t\t\t<\/div>\n\t\t<\/div>\n\t\t\t\t\t<\/div>\n\t\t<\/section>\n\t\t\t\t<section class=\"elementor-section elementor-top-section elementor-element elementor-element-d1ffc14 elementor-section-boxed elementor-section-height-default elementor-section-height-default\" data-id=\"d1ffc14\" data-element_type=\"section\" data-e-type=\"section\" data-settings=\"{&quot;_ha_eqh_enable&quot;:false}\">\n\t\t\t\t\t\t<div class=\"elementor-container elementor-column-gap-default\">\n\t\t\t\t\t<div class=\"elementor-column elementor-col-50 elementor-top-column elementor-element elementor-element-9fd6884\" data-id=\"9fd6884\" data-element_type=\"column\" data-e-type=\"column\">\n\t\t\t<div class=\"elementor-widget-wrap elementor-element-populated\">\n\t\t\t\t\t\t<div class=\"elementor-element elementor-element-8e0cabd elementor-widget elementor-widget-image\" data-id=\"8e0cabd\" data-element_type=\"widget\" data-e-type=\"widget\" data-widget_type=\"image.default\">\n\t\t\t\t<div class=\"elementor-widget-container\">\n\t\t\t\t\t\t\t\t\t\t\t\t\t\t\t<img loading=\"lazy\" decoding=\"async\" width=\"960\" height=\"720\" src=\"https:\/\/casaedianatiago-stp.com\/wp-content\/uploads\/2021\/07\/Dalio-Tati-3-marcheuses.jpeg\" class=\"attachment-large size-large wp-image-36\" alt=\"\" srcset=\"http:\/\/casaedianatiago-stp.com\/wp-content\/uploads\/2021\/07\/Dalio-Tati-3-marcheuses.jpeg 960w, http:\/\/casaedianatiago-stp.com\/wp-content\/uploads\/2021\/07\/Dalio-Tati-3-marcheuses-300x225.jpeg 300w, http:\/\/casaedianatiago-stp.com\/wp-content\/uploads\/2021\/07\/Dalio-Tati-3-marcheuses-768x576.jpeg 768w\" sizes=\"(max-width: 960px) 100vw, 960px\" \/>\t\t\t\t\t\t\t\t\t\t\t\t\t\t\t<\/div>\n\t\t\t\t<\/div>\n\t\t\t\t\t<\/div>\n\t\t<\/div>\n\t\t\t\t<div class=\"elementor-column elementor-col-50 elementor-top-column elementor-element elementor-element-ff9c956\" data-id=\"ff9c956\" data-element_type=\"column\" data-e-type=\"column\">\n\t\t\t<div class=\"elementor-widget-wrap elementor-element-populated\">\n\t\t\t\t\t\t<div class=\"elementor-element elementor-element-25ffb71 elementor-widget elementor-widget-image\" data-id=\"25ffb71\" data-element_type=\"widget\" data-e-type=\"widget\" data-widget_type=\"image.default\">\n\t\t\t\t<div class=\"elementor-widget-container\">\n\t\t\t\t\t\t\t\t\t\t\t\t\t\t\t<img loading=\"lazy\" decoding=\"async\" width=\"1024\" height=\"768\" src=\"https:\/\/casaedianatiago-stp.com\/wp-content\/uploads\/2021\/07\/2-Agua-Ize\u0301-plage-1-scaled-1-1024x768.jpeg\" class=\"attachment-large size-large wp-image-35\" alt=\"\" srcset=\"http:\/\/casaedianatiago-stp.com\/wp-content\/uploads\/2021\/07\/2-Agua-Ize\u0301-plage-1-scaled-1-1024x768.jpeg 1024w, http:\/\/casaedianatiago-stp.com\/wp-content\/uploads\/2021\/07\/2-Agua-Ize\u0301-plage-1-scaled-1-300x225.jpeg 300w, http:\/\/casaedianatiago-stp.com\/wp-content\/uploads\/2021\/07\/2-Agua-Ize\u0301-plage-1-scaled-1-768x576.jpeg 768w, http:\/\/casaedianatiago-stp.com\/wp-content\/uploads\/2021\/07\/2-Agua-Ize\u0301-plage-1-scaled-1-1536x1152.jpeg 1536w, http:\/\/casaedianatiago-stp.com\/wp-content\/uploads\/2021\/07\/2-Agua-Ize\u0301-plage-1-scaled-1-2048x1536.jpeg 2048w, http:\/\/casaedianatiago-stp.com\/wp-content\/uploads\/2021\/07\/2-Agua-Ize\u0301-plage-1-scaled-1-1568x1176.jpeg 1568w\" sizes=\"(max-width: 1024px) 100vw, 1024px\" \/>\t\t\t\t\t\t\t\t\t\t\t\t\t\t\t<\/div>\n\t\t\t\t<\/div>\n\t\t\t\t\t<\/div>\n\t\t<\/div>\n\t\t\t\t\t<\/div>\n\t\t<\/section>\n\t\t\t\t<\/div>\n\t\t","protected":false},"excerpt":{"rendered":"<p>CASA EDIANA E CASA TIAGO CASA EDIANA e CASA TIAGO: hospedagens tur\u00edsticas de encanto numa ilha tropical acolhedora.\u00a0 A privacidade de uma linda casa s\u00f3 para voc\u00ea; e a presen\u00e7a de anfitri\u00f5es dispostos a abrir as portas da sociedade e da cultura de S\u00e3o Tom\u00e9.\u00a0 \u00a0Vous\u00a0souhaitez\u00a0lire\u00a0ce\u00a0texte\u00a0plut\u00f4t\u00a0en\u00a0fran\u00e7ais\u00a0? Allez\u00a0sur\u00a0le\u00a0site casaedianatiago.com\u00a0 Do\u00a0you\u00a0prefer\u00a0reading\u00a0this\u00a0text\u00a0in\u00a0English?\u00a0Consult\u00a0our\u00a0site casaedianatiago.com\u00a0<\/p>\n","protected":false},"author":1,"featured_media":0,"parent":0,"menu_order":0,"comment_status":"closed","ping_status":"closed","template":"","meta":{"footnotes":""},"class_list":["post-49","page","type-page","status-publish"],"_links":{"self":[{"href":"https:\/\/casaedianatiago-stp.com\/index.php\/wp-json\/wp\/v2\/pages\/49","targetHints":{"allow":["GET"]}}],"collection":[{"href":"https:\/\/casaedianatiago-stp.com\/index.php\/wp-json\/wp\/v2\/pages"}],"about":[{"href":"https:\/\/casaedianatiago-stp.com\/index.php\/wp-json\/wp\/v2\/types\/page"}],"author":[{"embeddable":true,"href":"https:\/\/casaedianatiago-stp.com\/index.php\/wp-json\/wp\/v2\/users\/1"}],"replies":[{"embeddable":true,"href":"https:\/\/casaedianatiago-stp.com\/index.php\/wp-json\/wp\/v2\/comments?post=49"}],"version-history":[{"count":29,"href":"https:\/\/casaedianatiago-stp.com\/index.php\/wp-json\/wp\/v2\/pages\/49\/revisions"}],"predecessor-version":[{"id":104,"href":"https:\/\/casaedianatiago-stp.com\/index.php\/wp-json\/wp\/v2\/pages\/49\/revisions\/104"}],"wp:attachment":[{"href":"https:\/\/casaedianatiago-stp.com\/index.php\/wp-json\/wp\/v2\/media?parent=49"}],"curies":[{"name":"wp","href":"https:\/\/api.w.org\/{rel}","templated":true}]}}